{"id":3735,"date":"2025-04-19T11:26:26","date_gmt":"2025-04-19T16:26:26","guid":{"rendered":"https:\/\/hosterialoslagos.com\/?page_id=3735"},"modified":"2025-04-19T11:30:51","modified_gmt":"2025-04-19T16:30:51","slug":"how-to-get-there","status":"publish","type":"page","link":"https:\/\/hosterialoslagos.com\/index.php\/how-to-get-there\/","title":{"rendered":"How to Get There"},"content":{"rendered":"\t\t<div data-elementor-type=\"wp-page\" data-elementor-id=\"3735\" class=\"elementor elementor-3735\" data-elementor-post-type=\"page\">\n\t\t\t\t\t\t<section class=\"elementor-section elementor-top-section elementor-element elementor-element-844ce8c elementor-section-boxed elementor-section-height-default elementor-section-height-default\" data-id=\"844ce8c\" data-element_type=\"section\" data-e-type=\"section\">\n\t\t\t\t\t\t<div class=\"elementor-container elementor-column-gap-default\">\n\t\t\t\t\t<div class=\"elementor-column elementor-col-100 elementor-top-column elementor-element elementor-element-716aa53\" data-id=\"716aa53\" data-element_type=\"column\" data-e-type=\"column\">\n\t\t\t<div class=\"elementor-widget-wrap elementor-element-populated\">\n\t\t\t\t\t\t\t<\/div>\n\t\t<\/div>\n\t\t\t\t\t<\/div>\n\t\t<\/section>\n\t\t\t\t<section class=\"elementor-section elementor-top-section elementor-element elementor-element-2e5cd7b elementor-section-boxed elementor-section-height-default elementor-section-height-default\" data-id=\"2e5cd7b\" data-element_type=\"section\" data-e-type=\"section\">\n\t\t\t\t\t\t<div class=\"elementor-container elementor-column-gap-default\">\n\t\t\t\t\t<div class=\"elementor-column elementor-col-100 elementor-top-column elementor-element elementor-element-30f3481\" data-id=\"30f3481\" data-element_type=\"column\" data-e-type=\"column\">\n\t\t\t<div class=\"elementor-widget-wrap\">\n\t\t\t\t\t\t\t<\/div>\n\t\t<\/div>\n\t\t\t\t\t<\/div>\n\t\t<\/section>\n\t\t\t\t<section class=\"elementor-section elementor-top-section elementor-element elementor-element-7b878fc elementor-section-boxed elementor-section-height-default elementor-section-height-default\" data-id=\"7b878fc\" data-element_type=\"section\" data-e-type=\"section\">\n\t\t\t\t\t\t<div class=\"elementor-container elementor-column-gap-default\">\n\t\t\t\t\t<div class=\"elementor-column elementor-col-100 elementor-top-column elementor-element elementor-element-a81e743\" data-id=\"a81e743\" data-element_type=\"column\" data-e-type=\"column\">\n\t\t\t<div class=\"elementor-widget-wrap elementor-element-populated\">\n\t\t\t\t\t\t<div class=\"elementor-element elementor-element-53148db elementor-widget elementor-widget-heading\" data-id=\"53148db\" data-element_type=\"widget\" data-e-type=\"widget\" data-widget_type=\"heading.default\">\n\t\t\t\t<div class=\"elementor-widget-container\">\n\t\t\t\t\t<h2 class=\"elementor-heading-title elementor-size-default\">How to Get to Hotel Los Lagos Spa<\/h2>\t\t\t\t<\/div>\n\t\t\t\t<\/div>\n\t\t\t\t\t<\/div>\n\t\t<\/div>\n\t\t\t\t\t<\/div>\n\t\t<\/section>\n\t\t\t\t<section class=\"elementor-section elementor-top-section elementor-element elementor-element-974ee22 elementor-section-boxed elementor-section-height-default elementor-section-height-default\" data-id=\"974ee22\" data-element_type=\"section\" data-e-type=\"section\">\n\t\t\t\t\t\t<div class=\"elementor-container elementor-column-gap-default\">\n\t\t\t\t\t<div class=\"elementor-column elementor-col-100 elementor-top-column elementor-element elementor-element-37d029f\" data-id=\"37d029f\" data-element_type=\"column\" data-e-type=\"column\">\n\t\t\t<div class=\"elementor-widget-wrap elementor-element-populated\">\n\t\t\t\t\t\t<div class=\"elementor-element elementor-element-01ac680 elementor-widget elementor-widget-heading\" data-id=\"01ac680\" data-element_type=\"widget\" data-e-type=\"widget\" data-widget_type=\"heading.default\">\n\t\t\t\t<div class=\"elementor-widget-container\">\n\t\t\t\t\t<h3 class=\"elementor-heading-title elementor-size-default\">Location: Km 30, Medell\u00edn-Barbosa Road (Antioquia) \u2013 Colombia. El Hatillo Sector.<\/h3>\t\t\t\t<\/div>\n\t\t\t\t<\/div>\n\t\t\t\t\t<\/div>\n\t\t<\/div>\n\t\t\t\t\t<\/div>\n\t\t<\/section>\n\t\t\t\t<section class=\"elementor-section elementor-top-section elementor-element elementor-element-7e6e0be elementor-section-boxed elementor-section-height-default elementor-section-height-default\" data-id=\"7e6e0be\" data-element_type=\"section\" data-e-type=\"section\">\n\t\t\t\t\t\t<div class=\"elementor-container elementor-column-gap-default\">\n\t\t\t\t\t<div class=\"elementor-column elementor-col-100 elementor-top-column elementor-element elementor-element-faa26f1\" data-id=\"faa26f1\" data-element_type=\"column\" data-e-type=\"column\">\n\t\t\t<div class=\"elementor-widget-wrap elementor-element-populated\">\n\t\t\t\t\t\t<div class=\"elementor-element elementor-element-2eb0abc elementor-widget elementor-widget-heading\" data-id=\"2eb0abc\" data-element_type=\"widget\" data-e-type=\"widget\" data-widget_type=\"heading.default\">\n\t\t\t\t<div class=\"elementor-widget-container\">\n\t\t\t\t\t<h3 class=\"elementor-heading-title elementor-size-default\">Get there with Google Maps<\/h3>\t\t\t\t<\/div>\n\t\t\t\t<\/div>\n\t\t\t\t\t<\/div>\n\t\t<\/div>\n\t\t\t\t\t<\/div>\n\t\t<\/section>\n\t\t\t\t<section class=\"elementor-section elementor-top-section elementor-element elementor-element-f3e5356 elementor-section-boxed elementor-section-height-default elementor-section-height-default\" data-id=\"f3e5356\" data-element_type=\"section\" data-e-type=\"section\">\n\t\t\t\t\t\t<div class=\"elementor-container elementor-column-gap-default\">\n\t\t\t\t\t<div class=\"elementor-column elementor-col-100 elementor-top-column elementor-element elementor-element-aecf158\" data-id=\"aecf158\" data-element_type=\"column\" data-e-type=\"column\">\n\t\t\t<div class=\"elementor-widget-wrap elementor-element-populated\">\n\t\t\t\t\t\t<div class=\"elementor-element elementor-element-ef45ddc elementor-widget elementor-widget-google_maps\" data-id=\"ef45ddc\" data-element_type=\"widget\" data-e-type=\"widget\" data-widget_type=\"google_maps.default\">\n\t\t\t\t<div class=\"elementor-widget-container\">\n\t\t\t\t\t\t\t<div class=\"elementor-custom-embed\">\n\t\t\t<iframe loading=\"lazy\"\n\t\t\t\t\tsrc=\"https:\/\/maps.google.com\/maps?q=hosteria%20los%20lagos%20spa&#038;t=m&#038;z=10&#038;output=embed&#038;iwloc=near\"\n\t\t\t\t\ttitle=\"hosteria los lagos spa\"\n\t\t\t\t\taria-label=\"hosteria los lagos spa\"\n\t\t\t><\/iframe>\n\t\t<\/div>\n\t\t\t\t\t\t<\/div>\n\t\t\t\t<\/div>\n\t\t\t\t\t<\/div>\n\t\t<\/div>\n\t\t\t\t\t<\/div>\n\t\t<\/section>\n\t\t\t\t<section class=\"elementor-section elementor-top-section elementor-element elementor-element-a5313ff elementor-section-boxed elementor-section-height-default elementor-section-height-default\" data-id=\"a5313ff\" data-element_type=\"section\" data-e-type=\"section\">\n\t\t\t\t\t\t<div class=\"elementor-container elementor-column-gap-default\">\n\t\t\t\t\t<div class=\"elementor-column elementor-col-50 elementor-top-column elementor-element elementor-element-75c2053\" data-id=\"75c2053\" data-element_type=\"column\" data-e-type=\"column\">\n\t\t\t<div class=\"elementor-widget-wrap elementor-element-populated\">\n\t\t\t\t\t\t<div class=\"elementor-element elementor-element-63ffe8a elementor-widget elementor-widget-image\" data-id=\"63ffe8a\" data-element_type=\"widget\" data-e-type=\"widget\" data-widget_type=\"image.default\">\n\t\t\t\t<div class=\"elementor-widget-container\">\n\t\t\t\t\t\t\t\t\t\t\t\t\t\t\t<img fetchpriority=\"high\" decoding=\"async\" width=\"790\" height=\"393\" src=\"https:\/\/hosterialoslagos.com\/wp-content\/uploads\/2024\/09\/WhatsApp-Image-2024-09-16-at-11.40.20-AM.jpeg\" class=\"attachment-large size-large wp-image-1668\" alt=\"\" srcset=\"https:\/\/hosterialoslagos.com\/wp-content\/uploads\/2024\/09\/WhatsApp-Image-2024-09-16-at-11.40.20-AM.jpeg 790w, https:\/\/hosterialoslagos.com\/wp-content\/uploads\/2024\/09\/WhatsApp-Image-2024-09-16-at-11.40.20-AM-300x149.jpeg 300w, https:\/\/hosterialoslagos.com\/wp-content\/uploads\/2024\/09\/WhatsApp-Image-2024-09-16-at-11.40.20-AM-768x382.jpeg 768w\" sizes=\"(max-width: 790px) 100vw, 790px\" \/>\t\t\t\t\t\t\t\t\t\t\t\t\t\t\t<\/div>\n\t\t\t\t<\/div>\n\t\t\t\t\t<\/div>\n\t\t<\/div>\n\t\t\t\t<div class=\"elementor-column elementor-col-50 elementor-top-column elementor-element elementor-element-473b8c6\" data-id=\"473b8c6\" data-element_type=\"column\" data-e-type=\"column\">\n\t\t\t<div class=\"elementor-widget-wrap elementor-element-populated\">\n\t\t\t\t\t\t<div class=\"elementor-element elementor-element-7e1b41e elementor-widget elementor-widget-heading\" data-id=\"7e1b41e\" data-element_type=\"widget\" data-e-type=\"widget\" data-widget_type=\"heading.default\">\n\t\t\t\t<div class=\"elementor-widget-container\">\n\t\t\t\t\t<h4 class=\"elementor-heading-title elementor-size-default\">Private Transportation<\/h4>\t\t\t\t<\/div>\n\t\t\t\t<\/div>\n\t\t\t\t<div class=\"elementor-element elementor-element-73c369b elementor-widget elementor-widget-text-editor\" data-id=\"73c369b\" data-element_type=\"widget\" data-e-type=\"widget\" data-widget_type=\"text-editor.default\">\n\t\t\t\t<div class=\"elementor-widget-container\">\n\t\t\t\t\t\t\t\t\t<h6 class=\"sr-only\">ChatGPT dijo:<\/h6><div class=\"text-base my-auto mx-auto py-5 [--thread-content-margin:--spacing(4)] @[37rem]:[--thread-content-margin:--spacing(6)] @[70rem]:[--thread-content-margin:--spacing(12)] px-(--thread-content-margin)\"><div class=\"[--thread-content-max-width:32rem] @[34rem]:[--thread-content-max-width:40rem] @[64rem]:[--thread-content-max-width:48rem] mx-auto flex max-w-(--thread-content-max-width) flex-1 text-base gap-4 md:gap-5 lg:gap-6 group\/turn-messages focus-visible:outline-hidden\" tabindex=\"-1\"><div class=\"group\/conversation-turn relative flex w-full min-w-0 flex-col agent-turn\"><div class=\"relative flex-col gap-1 md:gap-3\"><div class=\"flex max-w-full flex-col grow\"><div class=\"min-h-8 text-message relative flex w-full flex-col items-end gap-2 text-start break-words whitespace-normal [.text-message+&amp;]:mt-5\" dir=\"auto\" data-message-author-role=\"assistant\" data-message-id=\"3b396ec1-6644-41f7-ae1d-6a790ae72c12\" data-message-model-slug=\"gpt-4o-mini\"><div class=\"flex w-full flex-col gap-1 empty:hidden first:pt-[3px]\"><div class=\"markdown prose dark:prose-invert w-full break-words light\"><p class=\"\" data-start=\"0\" data-end=\"168\">We are located on the old road to Barbosa, Antioquia. After passing the El Hatillo district, continue for 1 km on the left-hand side, and you&#8217;ll easily reach our hotel.<\/p><\/div><\/div><\/div><\/div><\/div><\/div><\/div><\/div>\t\t\t\t\t\t\t\t<\/div>\n\t\t\t\t<\/div>\n\t\t\t\t<div class=\"elementor-element elementor-element-679c71b elementor-widget elementor-widget-heading\" data-id=\"679c71b\" data-element_type=\"widget\" data-e-type=\"widget\" data-widget_type=\"heading.default\">\n\t\t\t\t<div class=\"elementor-widget-container\">\n\t\t\t\t\t<h4 class=\"elementor-heading-title elementor-size-default\">Public Transportation<\/h4>\t\t\t\t<\/div>\n\t\t\t\t<\/div>\n\t\t\t\t<div class=\"elementor-element elementor-element-9ea0efc elementor-widget elementor-widget-text-editor\" data-id=\"9ea0efc\" data-element_type=\"widget\" data-e-type=\"widget\" data-widget_type=\"text-editor.default\">\n\t\t\t\t<div class=\"elementor-widget-container\">\n\t\t\t\t\t\t\t\t\t<p>From the Niqu\u00eda metro station or Prado, you can take a bus to Barbosa, Route 1. This will drop you right in front of the Hoster\u00eda, providing a convenient and direct access option.<\/p>\t\t\t\t\t\t\t\t<\/div>\n\t\t\t\t<\/div>\n\t\t\t\t\t<\/div>\n\t\t<\/div>\n\t\t\t\t\t<\/div>\n\t\t<\/section>\n\t\t\t\t<\/div>\n\t\t","protected":false},"excerpt":{"rendered":"<p>How to Get to Hotel Los Lagos Spa Location: Km 30, Medell\u00edn-Barbosa Road (Antioquia) \u2013 Colombia. El Hatillo Sector. Get there with Google Maps Private Transportation ChatGPT dijo: We are located on the old road to Barbosa, Antioquia. After passing the El Hatillo district, continue for 1 km on the left-hand side, and you&#8217;ll easily [&hellip;]<\/p>\n","protected":false},"author":2,"featured_media":0,"parent":0,"menu_order":0,"comment_status":"closed","ping_status":"closed","template":"","meta":{"content-type":"","site-sidebar-layout":"no-sidebar","site-content-layout":"page-builder","ast-site-content-layout":"full-width-container","site-content-style":"default","site-sidebar-style":"default","ast-global-header-display":"","ast-banner-title-visibility":"","ast-main-header-display":"","ast-hfb-above-header-display":"","ast-hfb-below-header-display":"","ast-hfb-mobile-header-display":"","site-post-title":"disabled","ast-breadcrumbs-content":"","ast-featured-img":"disabled","footer-sml-layout":"","ast-disable-related-posts":"","theme-transparent-header-meta":"","adv-header-id-meta":"","stick-header-meta":"","header-above-stick-meta":"","header-main-stick-meta":"","header-below-stick-meta":"","astra-migrate-meta-layouts":"set","ast-page-background-enabled":"default","ast-page-background-meta":{"desktop":{"background-color":"","background-image":"","background-repeat":"repeat","background-position":"center center","background-size":"auto","background-attachment":"scroll","background-type":"","background-media":"","overlay-type":"","overlay-color":"","overlay-opacity":"","overlay-gradient":""},"tablet":{"background-color":"","background-image":"","background-repeat":"repeat","background-position":"center center","background-size":"auto","background-attachment":"scroll","background-type":"","background-media":"","overlay-type":"","overlay-color":"","overlay-opacity":"","overlay-gradient":""},"mobile":{"background-color":"","background-image":"","background-repeat":"repeat","background-position":"center center","background-size":"auto","background-attachment":"scroll","background-type":"","background-media":"","overlay-type":"","overlay-color":"","overlay-opacity":"","overlay-gradient":""}},"ast-content-background-meta":{"desktop":{"background-color":"var(--ast-global-color-5)","background-image":"","background-repeat":"repeat","background-position":"center center","background-size":"auto","background-attachment":"scroll","background-type":"","background-media":"","overlay-type":"","overlay-color":"","overlay-opacity":"","overlay-gradient":""},"tablet":{"background-color":"var(--ast-global-color-5)","background-image":"","background-repeat":"repeat","background-position":"center center","background-size":"auto","background-attachment":"scroll","background-type":"","background-media":"","overlay-type":"","overlay-color":"","overlay-opacity":"","overlay-gradient":""},"mobile":{"background-color":"var(--ast-global-color-5)","background-image":"","background-repeat":"repeat","background-position":"center center","background-size":"auto","background-attachment":"scroll","background-type":"","background-media":"","overlay-type":"","overlay-color":"","overlay-opacity":"","overlay-gradient":""}},"_joinchat":[],"footnotes":""},"class_list":["post-3735","page","type-page","status-publish","hentry"],"yoast_head":"<!-- This site is optimized with the Yoast SEO plugin v24.5 - https:\/\/yoast.com\/wordpress\/plugins\/seo\/ -->\n<title>Hoster\u00eda con d\u00eda de sol cerca Medell\u00edn<\/title>\n<meta name=\"description\" content=\"Vive un d\u00eda de sol inolvidable en nuestras instalaciones, con piscina, turco, jacuzzi y amplias zonas verdes. Rel\u00e1jate y disfruta de un entorno natural. WhatsApp:350 5604483\" \/>\n<meta name=\"robots\" content=\"index, follow, max-snippet:-1, max-image-preview:large, max-video-preview:-1\" \/>\n<link rel=\"canonical\" href=\"https:\/\/hosterialoslagos.com\/index.php\/how-to-get-there\/\" \/>\n<meta property=\"og:locale\" content=\"es_ES\" \/>\n<meta property=\"og:type\" content=\"article\" \/>\n<meta property=\"og:title\" content=\"Hoster\u00eda con d\u00eda de sol cerca Medell\u00edn\" \/>\n<meta property=\"og:description\" content=\"Vive un d\u00eda de sol inolvidable en nuestras instalaciones, con piscina, turco, jacuzzi y amplias zonas verdes. Rel\u00e1jate y disfruta de un entorno natural. WhatsApp:350 5604483\" \/>\n<meta property=\"og:url\" content=\"https:\/\/hosterialoslagos.com\/index.php\/how-to-get-there\/\" \/>\n<meta property=\"article:publisher\" content=\"https:\/\/www.facebook.com\/LosLagosSpa\/\" \/>\n<meta property=\"article:modified_time\" content=\"2025-04-19T16:30:51+00:00\" \/>\n<meta property=\"og:image\" content=\"https:\/\/hosterialoslagos.com\/wp-content\/uploads\/2024\/09\/WhatsApp-Image-2024-09-16-at-11.40.20-AM.jpeg\" \/>\n\t<meta property=\"og:image:width\" content=\"790\" \/>\n\t<meta property=\"og:image:height\" content=\"393\" \/>\n\t<meta property=\"og:image:type\" content=\"image\/jpeg\" \/>\n<meta name=\"twitter:card\" content=\"summary_large_image\" \/>\n<meta name=\"twitter:label1\" content=\"Tiempo de lectura\" \/>\n\t<meta name=\"twitter:data1\" content=\"1 minuto\" \/>\n<script type=\"application\/ld+json\" class=\"yoast-schema-graph\">{\"@context\":\"https:\/\/schema.org\",\"@graph\":[{\"@type\":\"WebPage\",\"@id\":\"https:\/\/hosterialoslagos.com\/index.php\/how-to-get-there\/\",\"url\":\"https:\/\/hosterialoslagos.com\/index.php\/how-to-get-there\/\",\"name\":\"Hoster\u00eda con d\u00eda de sol cerca Medell\u00edn\",\"isPartOf\":{\"@id\":\"https:\/\/hosterialoslagos.com\/#website\"},\"primaryImageOfPage\":{\"@id\":\"https:\/\/hosterialoslagos.com\/index.php\/how-to-get-there\/#primaryimage\"},\"image\":{\"@id\":\"https:\/\/hosterialoslagos.com\/index.php\/how-to-get-there\/#primaryimage\"},\"thumbnailUrl\":\"https:\/\/hosterialoslagos.com\/wp-content\/uploads\/2024\/09\/WhatsApp-Image-2024-09-16-at-11.40.20-AM.jpeg\",\"datePublished\":\"2025-04-19T16:26:26+00:00\",\"dateModified\":\"2025-04-19T16:30:51+00:00\",\"description\":\"Vive un d\u00eda de sol inolvidable en nuestras instalaciones, con piscina, turco, jacuzzi y amplias zonas verdes. Rel\u00e1jate y disfruta de un entorno natural. WhatsApp:350 5604483\",\"breadcrumb\":{\"@id\":\"https:\/\/hosterialoslagos.com\/index.php\/how-to-get-there\/#breadcrumb\"},\"inLanguage\":\"es\",\"potentialAction\":[{\"@type\":\"ReadAction\",\"target\":[\"https:\/\/hosterialoslagos.com\/index.php\/how-to-get-there\/\"]}]},{\"@type\":\"ImageObject\",\"inLanguage\":\"es\",\"@id\":\"https:\/\/hosterialoslagos.com\/index.php\/how-to-get-there\/#primaryimage\",\"url\":\"https:\/\/hosterialoslagos.com\/wp-content\/uploads\/2024\/09\/WhatsApp-Image-2024-09-16-at-11.40.20-AM.jpeg\",\"contentUrl\":\"https:\/\/hosterialoslagos.com\/wp-content\/uploads\/2024\/09\/WhatsApp-Image-2024-09-16-at-11.40.20-AM.jpeg\",\"width\":790,\"height\":393},{\"@type\":\"BreadcrumbList\",\"@id\":\"https:\/\/hosterialoslagos.com\/index.php\/how-to-get-there\/#breadcrumb\",\"itemListElement\":[{\"@type\":\"ListItem\",\"position\":1,\"name\":\"Portada\",\"item\":\"https:\/\/hosterialoslagos.com\/\"},{\"@type\":\"ListItem\",\"position\":2,\"name\":\"How to Get There\"}]},{\"@type\":\"WebSite\",\"@id\":\"https:\/\/hosterialoslagos.com\/#website\",\"url\":\"https:\/\/hosterialoslagos.com\/\",\"name\":\"Los Lagos Hoster\u00eda en Barbosa Antioquia\",\"description\":\"\",\"publisher\":{\"@id\":\"https:\/\/hosterialoslagos.com\/#organization\"},\"potentialAction\":[{\"@type\":\"SearchAction\",\"target\":{\"@type\":\"EntryPoint\",\"urlTemplate\":\"https:\/\/hosterialoslagos.com\/?s={search_term_string}\"},\"query-input\":{\"@type\":\"PropertyValueSpecification\",\"valueRequired\":true,\"valueName\":\"search_term_string\"}}],\"inLanguage\":\"es\"},{\"@type\":\"Organization\",\"@id\":\"https:\/\/hosterialoslagos.com\/#organization\",\"name\":\"Los Lagos Hoster\u00eda en Barbosa Antioquia\",\"url\":\"https:\/\/hosterialoslagos.com\/\",\"logo\":{\"@type\":\"ImageObject\",\"inLanguage\":\"es\",\"@id\":\"https:\/\/hosterialoslagos.com\/#\/schema\/logo\/image\/\",\"url\":\"https:\/\/hosterialoslagos.com\/wp-content\/uploads\/2024\/09\/cropped-Logolagos.png\",\"contentUrl\":\"https:\/\/hosterialoslagos.com\/wp-content\/uploads\/2024\/09\/cropped-Logolagos.png\",\"width\":120,\"height\":120,\"caption\":\"Los Lagos Hoster\u00eda en Barbosa Antioquia\"},\"image\":{\"@id\":\"https:\/\/hosterialoslagos.com\/#\/schema\/logo\/image\/\"},\"sameAs\":[\"https:\/\/www.facebook.com\/LosLagosSpa\/\",\"https:\/\/www.instagram.com\/loslagosspa\"]}]}<\/script>\n<!-- \/ Yoast SEO plugin. -->","yoast_head_json":{"title":"Hoster\u00eda con d\u00eda de sol cerca Medell\u00edn","description":"Vive un d\u00eda de sol inolvidable en nuestras instalaciones, con piscina, turco, jacuzzi y amplias zonas verdes. Rel\u00e1jate y disfruta de un entorno natural. WhatsApp:350 5604483","robots":{"index":"index","follow":"follow","max-snippet":"max-snippet:-1","max-image-preview":"max-image-preview:large","max-video-preview":"max-video-preview:-1"},"canonical":"https:\/\/hosterialoslagos.com\/index.php\/how-to-get-there\/","og_locale":"es_ES","og_type":"article","og_title":"Hoster\u00eda con d\u00eda de sol cerca Medell\u00edn","og_description":"Vive un d\u00eda de sol inolvidable en nuestras instalaciones, con piscina, turco, jacuzzi y amplias zonas verdes. Rel\u00e1jate y disfruta de un entorno natural. WhatsApp:350 5604483","og_url":"https:\/\/hosterialoslagos.com\/index.php\/how-to-get-there\/","article_publisher":"https:\/\/www.facebook.com\/LosLagosSpa\/","article_modified_time":"2025-04-19T16:30:51+00:00","og_image":[{"width":790,"height":393,"url":"https:\/\/hosterialoslagos.com\/wp-content\/uploads\/2024\/09\/WhatsApp-Image-2024-09-16-at-11.40.20-AM.jpeg","type":"image\/jpeg"}],"twitter_card":"summary_large_image","twitter_misc":{"Tiempo de lectura":"1 minuto"},"schema":{"@context":"https:\/\/schema.org","@graph":[{"@type":"WebPage","@id":"https:\/\/hosterialoslagos.com\/index.php\/how-to-get-there\/","url":"https:\/\/hosterialoslagos.com\/index.php\/how-to-get-there\/","name":"Hoster\u00eda con d\u00eda de sol cerca Medell\u00edn","isPartOf":{"@id":"https:\/\/hosterialoslagos.com\/#website"},"primaryImageOfPage":{"@id":"https:\/\/hosterialoslagos.com\/index.php\/how-to-get-there\/#primaryimage"},"image":{"@id":"https:\/\/hosterialoslagos.com\/index.php\/how-to-get-there\/#primaryimage"},"thumbnailUrl":"https:\/\/hosterialoslagos.com\/wp-content\/uploads\/2024\/09\/WhatsApp-Image-2024-09-16-at-11.40.20-AM.jpeg","datePublished":"2025-04-19T16:26:26+00:00","dateModified":"2025-04-19T16:30:51+00:00","description":"Vive un d\u00eda de sol inolvidable en nuestras instalaciones, con piscina, turco, jacuzzi y amplias zonas verdes. Rel\u00e1jate y disfruta de un entorno natural. WhatsApp:350 5604483","breadcrumb":{"@id":"https:\/\/hosterialoslagos.com\/index.php\/how-to-get-there\/#breadcrumb"},"inLanguage":"es","potentialAction":[{"@type":"ReadAction","target":["https:\/\/hosterialoslagos.com\/index.php\/how-to-get-there\/"]}]},{"@type":"ImageObject","inLanguage":"es","@id":"https:\/\/hosterialoslagos.com\/index.php\/how-to-get-there\/#primaryimage","url":"https:\/\/hosterialoslagos.com\/wp-content\/uploads\/2024\/09\/WhatsApp-Image-2024-09-16-at-11.40.20-AM.jpeg","contentUrl":"https:\/\/hosterialoslagos.com\/wp-content\/uploads\/2024\/09\/WhatsApp-Image-2024-09-16-at-11.40.20-AM.jpeg","width":790,"height":393},{"@type":"BreadcrumbList","@id":"https:\/\/hosterialoslagos.com\/index.php\/how-to-get-there\/#breadcrumb","itemListElement":[{"@type":"ListItem","position":1,"name":"Portada","item":"https:\/\/hosterialoslagos.com\/"},{"@type":"ListItem","position":2,"name":"How to Get There"}]},{"@type":"WebSite","@id":"https:\/\/hosterialoslagos.com\/#website","url":"https:\/\/hosterialoslagos.com\/","name":"Los Lagos Hoster\u00eda en Barbosa Antioquia","description":"","publisher":{"@id":"https:\/\/hosterialoslagos.com\/#organization"},"potentialAction":[{"@type":"SearchAction","target":{"@type":"EntryPoint","urlTemplate":"https:\/\/hosterialoslagos.com\/?s={search_term_string}"},"query-input":{"@type":"PropertyValueSpecification","valueRequired":true,"valueName":"search_term_string"}}],"inLanguage":"es"},{"@type":"Organization","@id":"https:\/\/hosterialoslagos.com\/#organization","name":"Los Lagos Hoster\u00eda en Barbosa Antioquia","url":"https:\/\/hosterialoslagos.com\/","logo":{"@type":"ImageObject","inLanguage":"es","@id":"https:\/\/hosterialoslagos.com\/#\/schema\/logo\/image\/","url":"https:\/\/hosterialoslagos.com\/wp-content\/uploads\/2024\/09\/cropped-Logolagos.png","contentUrl":"https:\/\/hosterialoslagos.com\/wp-content\/uploads\/2024\/09\/cropped-Logolagos.png","width":120,"height":120,"caption":"Los Lagos Hoster\u00eda en Barbosa Antioquia"},"image":{"@id":"https:\/\/hosterialoslagos.com\/#\/schema\/logo\/image\/"},"sameAs":["https:\/\/www.facebook.com\/LosLagosSpa\/","https:\/\/www.instagram.com\/loslagosspa"]}]}},"_links":{"self":[{"href":"https:\/\/hosterialoslagos.com\/index.php\/wp-json\/wp\/v2\/pages\/3735","targetHints":{"allow":["GET"]}}],"collection":[{"href":"https:\/\/hosterialoslagos.com\/index.php\/wp-json\/wp\/v2\/pages"}],"about":[{"href":"https:\/\/hosterialoslagos.com\/index.php\/wp-json\/wp\/v2\/types\/page"}],"author":[{"embeddable":true,"href":"https:\/\/hosterialoslagos.com\/index.php\/wp-json\/wp\/v2\/users\/2"}],"replies":[{"embeddable":true,"href":"https:\/\/hosterialoslagos.com\/index.php\/wp-json\/wp\/v2\/comments?post=3735"}],"version-history":[{"count":4,"href":"https:\/\/hosterialoslagos.com\/index.php\/wp-json\/wp\/v2\/pages\/3735\/revisions"}],"predecessor-version":[{"id":3739,"href":"https:\/\/hosterialoslagos.com\/index.php\/wp-json\/wp\/v2\/pages\/3735\/revisions\/3739"}],"wp:attachment":[{"href":"https:\/\/hosterialoslagos.com\/index.php\/wp-json\/wp\/v2\/media?parent=3735"}],"curies":[{"name":"wp","href":"https:\/\/api.w.org\/{rel}","templated":true}]}}