{"id":2022,"date":"2024-09-20T08:38:57","date_gmt":"2024-09-20T13:38:57","guid":{"rendered":"https:\/\/hosterialoslagos.com\/?page_id=2022"},"modified":"2025-02-11T15:52:48","modified_gmt":"2025-02-11T20:52:48","slug":"como-llegar","status":"publish","type":"page","link":"https:\/\/hosterialoslagos.com\/index.php\/como-llegar\/","title":{"rendered":"C\u00f3mo LLegar"},"content":{"rendered":"\t\t<div data-elementor-type=\"wp-page\" data-elementor-id=\"2022\" class=\"elementor elementor-2022\" data-elementor-post-type=\"page\">\n\t\t\t\t\t\t<section class=\"elementor-section elementor-top-section elementor-element elementor-element-844ce8c elementor-section-boxed elementor-section-height-default elementor-section-height-default\" data-id=\"844ce8c\" data-element_type=\"section\" data-e-type=\"section\">\n\t\t\t\t\t\t<div class=\"elementor-container elementor-column-gap-default\">\n\t\t\t\t\t<div class=\"elementor-column elementor-col-100 elementor-top-column elementor-element elementor-element-716aa53\" data-id=\"716aa53\" data-element_type=\"column\" data-e-type=\"column\">\n\t\t\t<div class=\"elementor-widget-wrap elementor-element-populated\">\n\t\t\t\t\t\t\t<\/div>\n\t\t<\/div>\n\t\t\t\t\t<\/div>\n\t\t<\/section>\n\t\t\t\t<section class=\"elementor-section elementor-top-section elementor-element elementor-element-2e5cd7b elementor-section-boxed elementor-section-height-default elementor-section-height-default\" data-id=\"2e5cd7b\" data-element_type=\"section\" data-e-type=\"section\">\n\t\t\t\t\t\t<div class=\"elementor-container elementor-column-gap-default\">\n\t\t\t\t\t<div class=\"elementor-column elementor-col-100 elementor-top-column elementor-element elementor-element-30f3481\" data-id=\"30f3481\" data-element_type=\"column\" data-e-type=\"column\">\n\t\t\t<div class=\"elementor-widget-wrap\">\n\t\t\t\t\t\t\t<\/div>\n\t\t<\/div>\n\t\t\t\t\t<\/div>\n\t\t<\/section>\n\t\t\t\t<section class=\"elementor-section elementor-top-section elementor-element elementor-element-7b878fc elementor-section-boxed elementor-section-height-default elementor-section-height-default\" data-id=\"7b878fc\" data-element_type=\"section\" data-e-type=\"section\">\n\t\t\t\t\t\t<div class=\"elementor-container elementor-column-gap-default\">\n\t\t\t\t\t<div class=\"elementor-column elementor-col-100 elementor-top-column elementor-element elementor-element-a81e743\" data-id=\"a81e743\" data-element_type=\"column\" data-e-type=\"column\">\n\t\t\t<div class=\"elementor-widget-wrap elementor-element-populated\">\n\t\t\t\t\t\t<div class=\"elementor-element elementor-element-53148db elementor-widget elementor-widget-heading\" data-id=\"53148db\" data-element_type=\"widget\" data-e-type=\"widget\" data-widget_type=\"heading.default\">\n\t\t\t\t<div class=\"elementor-widget-container\">\n\t\t\t\t\t<h2 class=\"elementor-heading-title elementor-size-default\"><h3 class=\"elementor-heading-title elementor-size-default elementor-inline-editing pen\" data-elementor-setting-key=\"title\" data-pen-placeholder=\"Teclea aqu\u00ed...\" style=\"font-style: normal;color: var( --e-global-color-text );, sans-serif\">C\u00f3mo llegar al Hotel Los Lagos Spa \n\n<\/h3><span style=\"font-style: inherit;font-weight: inherit\">Ubicaci\u00f3n Km 30 v\u00eda Medell\u00edn Barbosa (Antioquia) \u2013 Colombia.  Sector el Hatillo. <\/span><\/h2>\t\t\t\t<\/div>\n\t\t\t\t<\/div>\n\t\t\t\t\t<\/div>\n\t\t<\/div>\n\t\t\t\t\t<\/div>\n\t\t<\/section>\n\t\t\t\t<section class=\"elementor-section elementor-top-section elementor-element elementor-element-7e6e0be elementor-section-boxed elementor-section-height-default elementor-section-height-default\" data-id=\"7e6e0be\" data-element_type=\"section\" data-e-type=\"section\">\n\t\t\t\t\t\t<div class=\"elementor-container elementor-column-gap-default\">\n\t\t\t\t\t<div class=\"elementor-column elementor-col-100 elementor-top-column elementor-element elementor-element-faa26f1\" data-id=\"faa26f1\" data-element_type=\"column\" data-e-type=\"column\">\n\t\t\t<div class=\"elementor-widget-wrap elementor-element-populated\">\n\t\t\t\t\t\t<div class=\"elementor-element elementor-element-2eb0abc elementor-widget elementor-widget-heading\" data-id=\"2eb0abc\" data-element_type=\"widget\" data-e-type=\"widget\" data-widget_type=\"heading.default\">\n\t\t\t\t<div class=\"elementor-widget-container\">\n\t\t\t\t\t<h3 class=\"elementor-heading-title elementor-size-default\">Llega con Google Maps\n<\/h3>\t\t\t\t<\/div>\n\t\t\t\t<\/div>\n\t\t\t\t\t<\/div>\n\t\t<\/div>\n\t\t\t\t\t<\/div>\n\t\t<\/section>\n\t\t\t\t<section class=\"elementor-section elementor-top-section elementor-element elementor-element-f3e5356 elementor-section-boxed elementor-section-height-default elementor-section-height-default\" data-id=\"f3e5356\" data-element_type=\"section\" data-e-type=\"section\">\n\t\t\t\t\t\t<div class=\"elementor-container elementor-column-gap-default\">\n\t\t\t\t\t<div class=\"elementor-column elementor-col-100 elementor-top-column elementor-element elementor-element-aecf158\" data-id=\"aecf158\" data-element_type=\"column\" data-e-type=\"column\">\n\t\t\t<div class=\"elementor-widget-wrap elementor-element-populated\">\n\t\t\t\t\t\t<div class=\"elementor-element elementor-element-ef45ddc elementor-widget elementor-widget-google_maps\" data-id=\"ef45ddc\" data-element_type=\"widget\" data-e-type=\"widget\" data-widget_type=\"google_maps.default\">\n\t\t\t\t<div class=\"elementor-widget-container\">\n\t\t\t\t\t\t\t<div class=\"elementor-custom-embed\">\n\t\t\t<iframe loading=\"lazy\"\n\t\t\t\t\tsrc=\"https:\/\/maps.google.com\/maps?q=hosteria%20los%20lagos%20spa&#038;t=m&#038;z=10&#038;output=embed&#038;iwloc=near\"\n\t\t\t\t\ttitle=\"hosteria los lagos spa\"\n\t\t\t\t\taria-label=\"hosteria los lagos spa\"\n\t\t\t><\/iframe>\n\t\t<\/div>\n\t\t\t\t\t\t<\/div>\n\t\t\t\t<\/div>\n\t\t\t\t\t<\/div>\n\t\t<\/div>\n\t\t\t\t\t<\/div>\n\t\t<\/section>\n\t\t\t\t<section class=\"elementor-section elementor-top-section elementor-element elementor-element-a5313ff elementor-section-boxed elementor-section-height-default elementor-section-height-default\" data-id=\"a5313ff\" data-element_type=\"section\" data-e-type=\"section\">\n\t\t\t\t\t\t<div class=\"elementor-container elementor-column-gap-default\">\n\t\t\t\t\t<div class=\"elementor-column elementor-col-50 elementor-top-column elementor-element elementor-element-75c2053\" data-id=\"75c2053\" data-element_type=\"column\" data-e-type=\"column\">\n\t\t\t<div class=\"elementor-widget-wrap elementor-element-populated\">\n\t\t\t\t\t\t<div class=\"elementor-element elementor-element-63ffe8a elementor-widget elementor-widget-image\" data-id=\"63ffe8a\" data-element_type=\"widget\" data-e-type=\"widget\" data-widget_type=\"image.default\">\n\t\t\t\t<div class=\"elementor-widget-container\">\n\t\t\t\t\t\t\t\t\t\t\t\t\t\t\t<img fetchpriority=\"high\" decoding=\"async\" width=\"790\" height=\"393\" src=\"https:\/\/hosterialoslagos.com\/wp-content\/uploads\/2024\/09\/WhatsApp-Image-2024-09-16-at-11.40.20-AM.jpeg\" class=\"attachment-large size-large wp-image-1668\" alt=\"\" srcset=\"https:\/\/hosterialoslagos.com\/wp-content\/uploads\/2024\/09\/WhatsApp-Image-2024-09-16-at-11.40.20-AM.jpeg 790w, https:\/\/hosterialoslagos.com\/wp-content\/uploads\/2024\/09\/WhatsApp-Image-2024-09-16-at-11.40.20-AM-300x149.jpeg 300w, https:\/\/hosterialoslagos.com\/wp-content\/uploads\/2024\/09\/WhatsApp-Image-2024-09-16-at-11.40.20-AM-768x382.jpeg 768w\" sizes=\"(max-width: 790px) 100vw, 790px\" \/>\t\t\t\t\t\t\t\t\t\t\t\t\t\t\t<\/div>\n\t\t\t\t<\/div>\n\t\t\t\t\t<\/div>\n\t\t<\/div>\n\t\t\t\t<div class=\"elementor-column elementor-col-50 elementor-top-column elementor-element elementor-element-473b8c6\" data-id=\"473b8c6\" data-element_type=\"column\" data-e-type=\"column\">\n\t\t\t<div class=\"elementor-widget-wrap elementor-element-populated\">\n\t\t\t\t\t\t<div class=\"elementor-element elementor-element-7e1b41e elementor-widget elementor-widget-heading\" data-id=\"7e1b41e\" data-element_type=\"widget\" data-e-type=\"widget\" data-widget_type=\"heading.default\">\n\t\t\t\t<div class=\"elementor-widget-container\">\n\t\t\t\t\t<h4 class=\"elementor-heading-title elementor-size-default\">Transporte Particular<\/h4>\t\t\t\t<\/div>\n\t\t\t\t<\/div>\n\t\t\t\t<div class=\"elementor-element elementor-element-73c369b elementor-widget elementor-widget-text-editor\" data-id=\"73c369b\" data-element_type=\"widget\" data-e-type=\"widget\" data-widget_type=\"text-editor.default\">\n\t\t\t\t<div class=\"elementor-widget-container\">\n\t\t\t\t\t\t\t\t\t<p>Nos encontramos ubicados en la v\u00eda antigua a Barbosa, Antioquia. Despu\u00e9s de pasar el corregimiento de El Hatillo, a 1 km a mano izquierda, llegar\u00e1s f\u00e1cilmente a nuestro hotel.<\/p>\t\t\t\t\t\t\t\t<\/div>\n\t\t\t\t<\/div>\n\t\t\t\t<div class=\"elementor-element elementor-element-679c71b elementor-widget elementor-widget-heading\" data-id=\"679c71b\" data-element_type=\"widget\" data-e-type=\"widget\" data-widget_type=\"heading.default\">\n\t\t\t\t<div class=\"elementor-widget-container\">\n\t\t\t\t\t<h4 class=\"elementor-heading-title elementor-size-default\">Transporte P\u00fablico <\/h4>\t\t\t\t<\/div>\n\t\t\t\t<\/div>\n\t\t\t\t<div class=\"elementor-element elementor-element-9ea0efc elementor-widget elementor-widget-text-editor\" data-id=\"9ea0efc\" data-element_type=\"widget\" data-e-type=\"widget\" data-widget_type=\"text-editor.default\">\n\t\t\t\t<div class=\"elementor-widget-container\">\n\t\t\t\t\t\t\t\t\t<p>Desde la estaci\u00f3n Niqu\u00eda del metro o desde Prado, puedes tomar un bus de Barbosa, Ruta 1. Este te dejar\u00e1 justo al frente de la Hoster\u00eda, brind\u00e1ndote una opci\u00f3n de acceso c\u00f3moda y directa.<\/p>\t\t\t\t\t\t\t\t<\/div>\n\t\t\t\t<\/div>\n\t\t\t\t\t<\/div>\n\t\t<\/div>\n\t\t\t\t\t<\/div>\n\t\t<\/section>\n\t\t\t\t<\/div>\n\t\t","protected":false},"excerpt":{"rendered":"<p>C\u00f3mo llegar al Hotel Los Lagos Spa Ubicaci\u00f3n Km 30 v\u00eda Medell\u00edn Barbosa (Antioquia) \u2013 Colombia. Sector el Hatillo. Llega con Google Maps Transporte Particular Nos encontramos ubicados en la v\u00eda antigua a Barbosa, Antioquia. Despu\u00e9s de pasar el corregimiento de El Hatillo, a 1 km a mano izquierda, llegar\u00e1s f\u00e1cilmente a nuestro hotel. Transporte [&hellip;]<\/p>\n","protected":false},"author":2,"featured_media":0,"parent":0,"menu_order":0,"comment_status":"closed","ping_status":"closed","template":"","meta":{"content-type":"","site-sidebar-layout":"no-sidebar","site-content-layout":"page-builder","ast-site-content-layout":"full-width-container","site-content-style":"default","site-sidebar-style":"default","ast-global-header-display":"","ast-banner-title-visibility":"","ast-main-header-display":"","ast-hfb-above-header-display":"","ast-hfb-below-header-display":"","ast-hfb-mobile-header-display":"","site-post-title":"disabled","ast-breadcrumbs-content":"","ast-featured-img":"disabled","footer-sml-layout":"","ast-disable-related-posts":"","theme-transparent-header-meta":"","adv-header-id-meta":"","stick-header-meta":"","header-above-stick-meta":"","header-main-stick-meta":"","header-below-stick-meta":"","astra-migrate-meta-layouts":"set","ast-page-background-enabled":"default","ast-page-background-meta":{"desktop":{"background-color":"","background-image":"","background-repeat":"repeat","background-position":"center center","background-size":"auto","background-attachment":"scroll","background-type":"","background-media":"","overlay-type":"","overlay-color":"","overlay-opacity":"","overlay-gradient":""},"tablet":{"background-color":"","background-image":"","background-repeat":"repeat","background-position":"center center","background-size":"auto","background-attachment":"scroll","background-type":"","background-media":"","overlay-type":"","overlay-color":"","overlay-opacity":"","overlay-gradient":""},"mobile":{"background-color":"","background-image":"","background-repeat":"repeat","background-position":"center center","background-size":"auto","background-attachment":"scroll","background-type":"","background-media":"","overlay-type":"","overlay-color":"","overlay-opacity":"","overlay-gradient":""}},"ast-content-background-meta":{"desktop":{"background-color":"var(--ast-global-color-5)","background-image":"","background-repeat":"repeat","background-position":"center center","background-size":"auto","background-attachment":"scroll","background-type":"","background-media":"","overlay-type":"","overlay-color":"","overlay-opacity":"","overlay-gradient":""},"tablet":{"background-color":"var(--ast-global-color-5)","background-image":"","background-repeat":"repeat","background-position":"center center","background-size":"auto","background-attachment":"scroll","background-type":"","background-media":"","overlay-type":"","overlay-color":"","overlay-opacity":"","overlay-gradient":""},"mobile":{"background-color":"var(--ast-global-color-5)","background-image":"","background-repeat":"repeat","background-position":"center center","background-size":"auto","background-attachment":"scroll","background-type":"","background-media":"","overlay-type":"","overlay-color":"","overlay-opacity":"","overlay-gradient":""}},"_joinchat":[],"footnotes":""},"class_list":["post-2022","page","type-page","status-publish","hentry"],"yoast_head":"<!-- This site is optimized with the Yoast SEO plugin v24.5 - https:\/\/yoast.com\/wordpress\/plugins\/seo\/ -->\n<title>Hoster\u00eda con d\u00eda de sol cerca Medell\u00edn<\/title>\n<meta name=\"description\" content=\"Vive un d\u00eda de sol inolvidable en nuestras instalaciones, con piscina, turco, jacuzzi y amplias zonas verdes. Rel\u00e1jate y disfruta de un entorno natural. WhatsApp:350 5604483\" \/>\n<meta name=\"robots\" content=\"index, follow, max-snippet:-1, max-image-preview:large, max-video-preview:-1\" \/>\n<link rel=\"canonical\" href=\"https:\/\/hosterialoslagos.com\/index.php\/como-llegar\/\" \/>\n<meta property=\"og:locale\" content=\"es_ES\" \/>\n<meta property=\"og:type\" content=\"article\" \/>\n<meta property=\"og:title\" content=\"Hoster\u00eda con d\u00eda de sol cerca Medell\u00edn\" \/>\n<meta property=\"og:description\" content=\"Vive un d\u00eda de sol inolvidable en nuestras instalaciones, con piscina, turco, jacuzzi y amplias zonas verdes. Rel\u00e1jate y disfruta de un entorno natural. WhatsApp:350 5604483\" \/>\n<meta property=\"og:url\" content=\"https:\/\/hosterialoslagos.com\/index.php\/como-llegar\/\" \/>\n<meta property=\"article:publisher\" content=\"https:\/\/www.facebook.com\/LosLagosSpa\/\" \/>\n<meta property=\"article:modified_time\" content=\"2025-02-11T20:52:48+00:00\" \/>\n<meta property=\"og:image\" content=\"https:\/\/hosterialoslagos.com\/wp-content\/uploads\/2024\/09\/WhatsApp-Image-2024-09-16-at-11.40.20-AM.jpeg\" \/>\n\t<meta property=\"og:image:width\" content=\"790\" \/>\n\t<meta property=\"og:image:height\" content=\"393\" \/>\n\t<meta property=\"og:image:type\" content=\"image\/jpeg\" \/>\n<meta name=\"twitter:card\" content=\"summary_large_image\" \/>\n<meta name=\"twitter:label1\" content=\"Tiempo de lectura\" \/>\n\t<meta name=\"twitter:data1\" content=\"1 minuto\" \/>\n<script type=\"application\/ld+json\" class=\"yoast-schema-graph\">{\"@context\":\"https:\/\/schema.org\",\"@graph\":[{\"@type\":\"WebPage\",\"@id\":\"https:\/\/hosterialoslagos.com\/index.php\/como-llegar\/\",\"url\":\"https:\/\/hosterialoslagos.com\/index.php\/como-llegar\/\",\"name\":\"Hoster\u00eda con d\u00eda de sol cerca Medell\u00edn\",\"isPartOf\":{\"@id\":\"https:\/\/hosterialoslagos.com\/#website\"},\"primaryImageOfPage\":{\"@id\":\"https:\/\/hosterialoslagos.com\/index.php\/como-llegar\/#primaryimage\"},\"image\":{\"@id\":\"https:\/\/hosterialoslagos.com\/index.php\/como-llegar\/#primaryimage\"},\"thumbnailUrl\":\"https:\/\/hosterialoslagos.com\/wp-content\/uploads\/2024\/09\/WhatsApp-Image-2024-09-16-at-11.40.20-AM.jpeg\",\"datePublished\":\"2024-09-20T13:38:57+00:00\",\"dateModified\":\"2025-02-11T20:52:48+00:00\",\"description\":\"Vive un d\u00eda de sol inolvidable en nuestras instalaciones, con piscina, turco, jacuzzi y amplias zonas verdes. Rel\u00e1jate y disfruta de un entorno natural. WhatsApp:350 5604483\",\"breadcrumb\":{\"@id\":\"https:\/\/hosterialoslagos.com\/index.php\/como-llegar\/#breadcrumb\"},\"inLanguage\":\"es\",\"potentialAction\":[{\"@type\":\"ReadAction\",\"target\":[\"https:\/\/hosterialoslagos.com\/index.php\/como-llegar\/\"]}]},{\"@type\":\"ImageObject\",\"inLanguage\":\"es\",\"@id\":\"https:\/\/hosterialoslagos.com\/index.php\/como-llegar\/#primaryimage\",\"url\":\"https:\/\/hosterialoslagos.com\/wp-content\/uploads\/2024\/09\/WhatsApp-Image-2024-09-16-at-11.40.20-AM.jpeg\",\"contentUrl\":\"https:\/\/hosterialoslagos.com\/wp-content\/uploads\/2024\/09\/WhatsApp-Image-2024-09-16-at-11.40.20-AM.jpeg\",\"width\":790,\"height\":393},{\"@type\":\"BreadcrumbList\",\"@id\":\"https:\/\/hosterialoslagos.com\/index.php\/como-llegar\/#breadcrumb\",\"itemListElement\":[{\"@type\":\"ListItem\",\"position\":1,\"name\":\"Portada\",\"item\":\"https:\/\/hosterialoslagos.com\/\"},{\"@type\":\"ListItem\",\"position\":2,\"name\":\"C\u00f3mo LLegar\"}]},{\"@type\":\"WebSite\",\"@id\":\"https:\/\/hosterialoslagos.com\/#website\",\"url\":\"https:\/\/hosterialoslagos.com\/\",\"name\":\"Los Lagos Hoster\u00eda en Barbosa Antioquia\",\"description\":\"\",\"publisher\":{\"@id\":\"https:\/\/hosterialoslagos.com\/#organization\"},\"potentialAction\":[{\"@type\":\"SearchAction\",\"target\":{\"@type\":\"EntryPoint\",\"urlTemplate\":\"https:\/\/hosterialoslagos.com\/?s={search_term_string}\"},\"query-input\":{\"@type\":\"PropertyValueSpecification\",\"valueRequired\":true,\"valueName\":\"search_term_string\"}}],\"inLanguage\":\"es\"},{\"@type\":\"Organization\",\"@id\":\"https:\/\/hosterialoslagos.com\/#organization\",\"name\":\"Los Lagos Hoster\u00eda en Barbosa Antioquia\",\"url\":\"https:\/\/hosterialoslagos.com\/\",\"logo\":{\"@type\":\"ImageObject\",\"inLanguage\":\"es\",\"@id\":\"https:\/\/hosterialoslagos.com\/#\/schema\/logo\/image\/\",\"url\":\"https:\/\/hosterialoslagos.com\/wp-content\/uploads\/2024\/09\/cropped-Logolagos.png\",\"contentUrl\":\"https:\/\/hosterialoslagos.com\/wp-content\/uploads\/2024\/09\/cropped-Logolagos.png\",\"width\":120,\"height\":120,\"caption\":\"Los Lagos Hoster\u00eda en Barbosa Antioquia\"},\"image\":{\"@id\":\"https:\/\/hosterialoslagos.com\/#\/schema\/logo\/image\/\"},\"sameAs\":[\"https:\/\/www.facebook.com\/LosLagosSpa\/\",\"https:\/\/www.instagram.com\/loslagosspa\"]}]}<\/script>\n<!-- \/ Yoast SEO plugin. -->","yoast_head_json":{"title":"Hoster\u00eda con d\u00eda de sol cerca Medell\u00edn","description":"Vive un d\u00eda de sol inolvidable en nuestras instalaciones, con piscina, turco, jacuzzi y amplias zonas verdes. Rel\u00e1jate y disfruta de un entorno natural. WhatsApp:350 5604483","robots":{"index":"index","follow":"follow","max-snippet":"max-snippet:-1","max-image-preview":"max-image-preview:large","max-video-preview":"max-video-preview:-1"},"canonical":"https:\/\/hosterialoslagos.com\/index.php\/como-llegar\/","og_locale":"es_ES","og_type":"article","og_title":"Hoster\u00eda con d\u00eda de sol cerca Medell\u00edn","og_description":"Vive un d\u00eda de sol inolvidable en nuestras instalaciones, con piscina, turco, jacuzzi y amplias zonas verdes. Rel\u00e1jate y disfruta de un entorno natural. WhatsApp:350 5604483","og_url":"https:\/\/hosterialoslagos.com\/index.php\/como-llegar\/","article_publisher":"https:\/\/www.facebook.com\/LosLagosSpa\/","article_modified_time":"2025-02-11T20:52:48+00:00","og_image":[{"width":790,"height":393,"url":"https:\/\/hosterialoslagos.com\/wp-content\/uploads\/2024\/09\/WhatsApp-Image-2024-09-16-at-11.40.20-AM.jpeg","type":"image\/jpeg"}],"twitter_card":"summary_large_image","twitter_misc":{"Tiempo de lectura":"1 minuto"},"schema":{"@context":"https:\/\/schema.org","@graph":[{"@type":"WebPage","@id":"https:\/\/hosterialoslagos.com\/index.php\/como-llegar\/","url":"https:\/\/hosterialoslagos.com\/index.php\/como-llegar\/","name":"Hoster\u00eda con d\u00eda de sol cerca Medell\u00edn","isPartOf":{"@id":"https:\/\/hosterialoslagos.com\/#website"},"primaryImageOfPage":{"@id":"https:\/\/hosterialoslagos.com\/index.php\/como-llegar\/#primaryimage"},"image":{"@id":"https:\/\/hosterialoslagos.com\/index.php\/como-llegar\/#primaryimage"},"thumbnailUrl":"https:\/\/hosterialoslagos.com\/wp-content\/uploads\/2024\/09\/WhatsApp-Image-2024-09-16-at-11.40.20-AM.jpeg","datePublished":"2024-09-20T13:38:57+00:00","dateModified":"2025-02-11T20:52:48+00:00","description":"Vive un d\u00eda de sol inolvidable en nuestras instalaciones, con piscina, turco, jacuzzi y amplias zonas verdes. Rel\u00e1jate y disfruta de un entorno natural. WhatsApp:350 5604483","breadcrumb":{"@id":"https:\/\/hosterialoslagos.com\/index.php\/como-llegar\/#breadcrumb"},"inLanguage":"es","potentialAction":[{"@type":"ReadAction","target":["https:\/\/hosterialoslagos.com\/index.php\/como-llegar\/"]}]},{"@type":"ImageObject","inLanguage":"es","@id":"https:\/\/hosterialoslagos.com\/index.php\/como-llegar\/#primaryimage","url":"https:\/\/hosterialoslagos.com\/wp-content\/uploads\/2024\/09\/WhatsApp-Image-2024-09-16-at-11.40.20-AM.jpeg","contentUrl":"https:\/\/hosterialoslagos.com\/wp-content\/uploads\/2024\/09\/WhatsApp-Image-2024-09-16-at-11.40.20-AM.jpeg","width":790,"height":393},{"@type":"BreadcrumbList","@id":"https:\/\/hosterialoslagos.com\/index.php\/como-llegar\/#breadcrumb","itemListElement":[{"@type":"ListItem","position":1,"name":"Portada","item":"https:\/\/hosterialoslagos.com\/"},{"@type":"ListItem","position":2,"name":"C\u00f3mo LLegar"}]},{"@type":"WebSite","@id":"https:\/\/hosterialoslagos.com\/#website","url":"https:\/\/hosterialoslagos.com\/","name":"Los Lagos Hoster\u00eda en Barbosa Antioquia","description":"","publisher":{"@id":"https:\/\/hosterialoslagos.com\/#organization"},"potentialAction":[{"@type":"SearchAction","target":{"@type":"EntryPoint","urlTemplate":"https:\/\/hosterialoslagos.com\/?s={search_term_string}"},"query-input":{"@type":"PropertyValueSpecification","valueRequired":true,"valueName":"search_term_string"}}],"inLanguage":"es"},{"@type":"Organization","@id":"https:\/\/hosterialoslagos.com\/#organization","name":"Los Lagos Hoster\u00eda en Barbosa Antioquia","url":"https:\/\/hosterialoslagos.com\/","logo":{"@type":"ImageObject","inLanguage":"es","@id":"https:\/\/hosterialoslagos.com\/#\/schema\/logo\/image\/","url":"https:\/\/hosterialoslagos.com\/wp-content\/uploads\/2024\/09\/cropped-Logolagos.png","contentUrl":"https:\/\/hosterialoslagos.com\/wp-content\/uploads\/2024\/09\/cropped-Logolagos.png","width":120,"height":120,"caption":"Los Lagos Hoster\u00eda en Barbosa Antioquia"},"image":{"@id":"https:\/\/hosterialoslagos.com\/#\/schema\/logo\/image\/"},"sameAs":["https:\/\/www.facebook.com\/LosLagosSpa\/","https:\/\/www.instagram.com\/loslagosspa"]}]}},"_links":{"self":[{"href":"https:\/\/hosterialoslagos.com\/index.php\/wp-json\/wp\/v2\/pages\/2022","targetHints":{"allow":["GET"]}}],"collection":[{"href":"https:\/\/hosterialoslagos.com\/index.php\/wp-json\/wp\/v2\/pages"}],"about":[{"href":"https:\/\/hosterialoslagos.com\/index.php\/wp-json\/wp\/v2\/types\/page"}],"author":[{"embeddable":true,"href":"https:\/\/hosterialoslagos.com\/index.php\/wp-json\/wp\/v2\/users\/2"}],"replies":[{"embeddable":true,"href":"https:\/\/hosterialoslagos.com\/index.php\/wp-json\/wp\/v2\/comments?post=2022"}],"version-history":[{"count":20,"href":"https:\/\/hosterialoslagos.com\/index.php\/wp-json\/wp\/v2\/pages\/2022\/revisions"}],"predecessor-version":[{"id":2945,"href":"https:\/\/hosterialoslagos.com\/index.php\/wp-json\/wp\/v2\/pages\/2022\/revisions\/2945"}],"wp:attachment":[{"href":"https:\/\/hosterialoslagos.com\/index.php\/wp-json\/wp\/v2\/media?parent=2022"}],"curies":[{"name":"wp","href":"https:\/\/api.w.org\/{rel}","templated":true}]}}